{"id":16539,"date":"2023-03-06T13:21:52","date_gmt":"2023-03-06T13:21:52","guid":{"rendered":"https:\/\/elhotelnacionaldecuba.com\/histora-hotel-nacional-de-cuba\/"},"modified":"2023-04-20T09:00:05","modified_gmt":"2023-04-20T09:00:05","slug":"history-hotel-nacional-de-cuba","status":"publish","type":"page","link":"https:\/\/elhotelnacionaldecuba.com\/en\/history-hotel-nacional-de-cuba\/","title":{"rendered":"History of the Hotel Nacional de Cuba"},"content":{"rendered":"<p>The Hotel Nacional de Cuba was inaugurated on 30 December 1930, standing on the Taganana hill in front of Havana&#8217;s &#8220;malec\u00f3n&#8221;. It is a magnificent building in the neighbourhood of El Vedado stitched with chess pieces dedicated to the world champion Cuban chess player Jos\u00e9 Ra\u00fal Capablanca. It exhibits an eclectic architecture mixing art deco, neo-colonial, classical Roman and Spanish Moorish styles; and the use of national materials such as marble, hard and precious woods and jaimanite stones. Its construction was a landmark in the country, as the American construction company Purdy and Henderson used steel beams covered in concrete; this is how the hotel withstood a bombardment on 2 October 1933, due to the confrontation between the deposed officers of the Cuban National Army, who were billeted in the hotel, and the newly promoted enlisted men and officers.<\/p>\n<p>&nbsp;<\/p>\n<p>The lobby has been preserved from the 1930s, with lamps, lifts, a postal system, a plaster ceiling, Sevillian tiles that embrace it, sculptures and heritage paintings such as a large painting by the outstanding Domingo Ramos that recreates the Vi\u00f1ales Valley.<\/p>\n<p>&nbsp;<\/p>\n<p>The ample and green garden is an oasis within the city with typical Caribbean palm trees; it is a balcony towards Havana and its bay, to enjoy the incredible view of the calm blue sea and to be enraptured by the sea breeze and the delicious cocktails of the nearby bars. It is protected by two ancient cannons, remains of the Spanish Bateria de Santa Clara, which was built on the hill in the 18th century and was part of Havana&#8217;s system of fortifications, making it a World Heritage Site. The hotel was also the scene of the defence of the city during the Missile Crisis in 1962, when tunnels, trenches and anti-aircraft emplacements were dug in the garden.<\/p>\n<p>&nbsp;<\/p>\n<p>The hotel was also the scene of the Italian-American Mafia, with the Mafia Conference during the last week of 1946, led mainly by Charles &#8220;Lucky&#8221; Luciano and Mayer Lansky. Subsequently Havana became the gambling capital until the triumph of the Cuban Revolution, led by Fidel Castro Ruz, which eliminated the evils associated with the Mafia.<\/p>\n<p>&nbsp;<\/p>\n<p>In the early 1960s the hotel housed hundreds of peasant women from all regions of the country, summoned by the leadership of the Revolution to be taught to read and write and to learn dressmaking and sewing.<\/p>\n<p>&nbsp;<\/p>\n<p>The corridors and 426 rooms speak of hundreds of personalities and celebrities who have left their mark on the hotel such as Errol Flynn, Frank Sinatra, Ava Gardner, Johnny Welsmuller (Tarzan); Rita Hayworth, Fred Astaire, Gary Cooper, Walt Disney, Winston Churchill, Nat King Cole, Mar\u00eda F\u00e9lix, Jorge Negrete, Agust\u00edn Lara, Pedro Vargas, Mario Moreno (Cantinflas), Lola Flores, Ernest Hemingway, Jos\u00e9phine Baker, Alexander Flemming, Bola de Nieve, Jean Paul Sartre, Yuri Gagarin, Sarita Montiel and Compay Segundo, more than 300 celebrity faces grace the hotel&#8217;s Hall of Fame, including more than 100 presidents such as Vladimir Putin, Hugo Chavez, Xi Jinping, Fran\u00e7ois Hollande and Jimmy Carter.<\/p>\n<p>&nbsp;<\/p>\n<p>Due to the preservation of its architectural, historical and heritage values, the hotel was inscribed on the Memory of the World Register by the Cuban National Commission for UNESCO.<\/p>\n<p>&nbsp;<\/p>\n<p>The Hotel Nacional de Cuba lives in the XXI century and offers 5 star services to guests and visitors, its rooms are comfortably equipped, being superior the ones offered as Executive Service and standing out among them the Presidential Suite and the Royal Suite. There are three restaurants, a cafeteria, four bars and a snack bar. There are two swimming pools, a tennis court and an observation deck in one of its domes. There are 10 elegant and multifunctional rooms for banquets and conventions. It has a spacious car park. It offers barber-hairdresser service, massage, laundry, medical services, customer service and currency exchange. It has a Cuban art gallery, reservation bureau, shopping gallery, car rental and excursion sales agency.<\/p>\n<p>&nbsp;<\/p>\n<p>The Cabaret Parisien is part of the hotel and is one of the most select and elegant cabarets in Havana. The tropical night expresses all its splendour and freshness in this place where about 100 dancers and singers show the history of the Cuban music, distinguishing their musical shows by the respect to the Antillean roots.<\/p>\n","protected":false},"excerpt":{"rendered":"<p>The Hotel Nacional de Cuba was inaugurated on 30 December 1930, standing on the Taganana hill in front of Havana&#8217;s &#8220;malec\u00f3n&#8221;. It is a magnificent building in the neighbourhood of El Vedado stitched with chess pieces dedicated to the world champion Cuban chess player Jos\u00e9 Ra\u00fal Capablanca. It exhibits an eclectic architecture mixing art deco,<\/p>\n<p>[&#8230;]<\/p>\n","protected":false},"author":6,"featured_media":16751,"parent":0,"menu_order":0,"comment_status":"closed","ping_status":"closed","template":"","meta":{"_acf_changed":false,"footnotes":""},"class_list":["post-16539","page","type-page","status-publish","has-post-thumbnail","hentry"],"acf":[],"yoast_head":"<!-- This site is optimized with the Yoast SEO plugin v27.5 - https:\/\/yoast.com\/product\/yoast-seo-wordpress\/ -->\n<title>History | Hotel Nacional de Cuba<\/title>\n<meta name=\"description\" content=\"Discover the fascinating history of the Hotel Nacional de Cuba, an icon of Cuban architecture and culture since its inauguration in 1930.\" \/>\n<meta name=\"robots\" content=\"index, follow, max-snippet:-1, max-image-preview:large, max-video-preview:-1\" \/>\n<link rel=\"canonical\" href=\"https:\/\/elhotelnacionaldecuba.com\/en\/history-hotel-nacional-de-cuba\/\" \/>\n<meta property=\"og:locale\" content=\"en_US\" \/>\n<meta property=\"og:type\" content=\"article\" \/>\n<meta property=\"og:title\" content=\"History | Hotel Nacional de Cuba\" \/>\n<meta property=\"og:description\" content=\"Discover the fascinating history of the Hotel Nacional de Cuba, an icon of Cuban architecture and culture since its inauguration in 1930.\" \/>\n<meta property=\"og:url\" content=\"https:\/\/elhotelnacionaldecuba.com\/en\/history-hotel-nacional-de-cuba\/\" \/>\n<meta property=\"og:site_name\" content=\"Hotel Nacional\" \/>\n<meta property=\"article:publisher\" content=\"https:\/\/www.facebook.com\/HNdeCuba\/\" \/>\n<meta property=\"article:modified_time\" content=\"2023-04-20T09:00:05+00:00\" \/>\n<meta property=\"og:image\" content=\"https:\/\/elhotelnacionaldecuba.com\/wp-content\/uploads\/2025\/04\/logo-desktop.png\" \/>\n\t<meta property=\"og:image:width\" content=\"696\" \/>\n\t<meta property=\"og:image:height\" content=\"290\" \/>\n\t<meta property=\"og:image:type\" content=\"image\/png\" \/>\n<meta name=\"twitter:card\" content=\"summary_large_image\" \/>\n<meta name=\"twitter:site\" content=\"@hncuba\" \/>\n<meta name=\"twitter:label1\" content=\"Est. reading time\" \/>\n\t<meta name=\"twitter:data1\" content=\"4 minutes\" \/>\n<script type=\"application\/ld+json\" class=\"yoast-schema-graph\">{\"@context\":\"https:\\\/\\\/schema.org\",\"@graph\":[{\"@type\":\"WebPage\",\"@id\":\"https:\\\/\\\/elhotelnacionaldecuba.com\\\/en\\\/history-hotel-nacional-de-cuba\\\/\",\"url\":\"https:\\\/\\\/elhotelnacionaldecuba.com\\\/en\\\/history-hotel-nacional-de-cuba\\\/\",\"name\":\"History | Hotel Nacional de Cuba\",\"isPartOf\":{\"@id\":\"https:\\\/\\\/elhotelnacionaldecuba.com\\\/#website\"},\"primaryImageOfPage\":{\"@id\":\"https:\\\/\\\/elhotelnacionaldecuba.com\\\/en\\\/history-hotel-nacional-de-cuba\\\/#primaryimage\"},\"image\":{\"@id\":\"https:\\\/\\\/elhotelnacionaldecuba.com\\\/en\\\/history-hotel-nacional-de-cuba\\\/#primaryimage\"},\"thumbnailUrl\":\"https:\\\/\\\/elhotelnacionaldecuba.com\\\/wp-content\\\/uploads\\\/2023\\\/08\\\/tour-nocturno-cabaret-parisien-1.jpg\",\"datePublished\":\"2023-03-06T13:21:52+00:00\",\"dateModified\":\"2023-04-20T09:00:05+00:00\",\"description\":\"Discover the fascinating history of the Hotel Nacional de Cuba, an icon of Cuban architecture and culture since its inauguration in 1930.\",\"breadcrumb\":{\"@id\":\"https:\\\/\\\/elhotelnacionaldecuba.com\\\/en\\\/history-hotel-nacional-de-cuba\\\/#breadcrumb\"},\"inLanguage\":\"en-US\",\"potentialAction\":[{\"@type\":\"ReadAction\",\"target\":[\"https:\\\/\\\/elhotelnacionaldecuba.com\\\/en\\\/history-hotel-nacional-de-cuba\\\/\"]}]},{\"@type\":\"ImageObject\",\"inLanguage\":\"en-US\",\"@id\":\"https:\\\/\\\/elhotelnacionaldecuba.com\\\/en\\\/history-hotel-nacional-de-cuba\\\/#primaryimage\",\"url\":\"https:\\\/\\\/elhotelnacionaldecuba.com\\\/wp-content\\\/uploads\\\/2023\\\/08\\\/tour-nocturno-cabaret-parisien-1.jpg\",\"contentUrl\":\"https:\\\/\\\/elhotelnacionaldecuba.com\\\/wp-content\\\/uploads\\\/2023\\\/08\\\/tour-nocturno-cabaret-parisien-1.jpg\",\"width\":735,\"height\":491},{\"@type\":\"BreadcrumbList\",\"@id\":\"https:\\\/\\\/elhotelnacionaldecuba.com\\\/en\\\/history-hotel-nacional-de-cuba\\\/#breadcrumb\",\"itemListElement\":[{\"@type\":\"ListItem\",\"position\":1,\"name\":\"Portada\",\"item\":\"https:\\\/\\\/elhotelnacionaldecuba.com\\\/en\\\/\"},{\"@type\":\"ListItem\",\"position\":2,\"name\":\"History of the Hotel Nacional de Cuba\"}]},{\"@type\":\"WebSite\",\"@id\":\"https:\\\/\\\/elhotelnacionaldecuba.com\\\/#website\",\"url\":\"https:\\\/\\\/elhotelnacionaldecuba.com\\\/\",\"name\":\"Hotel Nacional de Cuba\",\"description\":\"Lujo e historia se fusionan en el Hotel Nacional de Cuba, la opci\u00f3n perfecta para tu estancia en la Habana Vieja. Reserva ahora en nuestra web oficial.\",\"publisher\":{\"@id\":\"https:\\\/\\\/elhotelnacionaldecuba.com\\\/#organization\"},\"alternateName\":\"[OFICIAL\u00ae] Hotel Nacional de Cuba | Hotel Boutique en la Habana Vieja\",\"potentialAction\":[{\"@type\":\"SearchAction\",\"target\":{\"@type\":\"EntryPoint\",\"urlTemplate\":\"https:\\\/\\\/elhotelnacionaldecuba.com\\\/?s={search_term_string}\"},\"query-input\":{\"@type\":\"PropertyValueSpecification\",\"valueRequired\":true,\"valueName\":\"search_term_string\"}}],\"inLanguage\":\"en-US\"},{\"@type\":\"Organization\",\"@id\":\"https:\\\/\\\/elhotelnacionaldecuba.com\\\/#organization\",\"name\":\"Hotel Nacional de Cuba\",\"alternateName\":\"[OFICIAL\u00ae] Hotel Nacional de Cuba | Hotel Boutique en la Habana Vieja\",\"url\":\"https:\\\/\\\/elhotelnacionaldecuba.com\\\/\",\"logo\":{\"@type\":\"ImageObject\",\"inLanguage\":\"en-US\",\"@id\":\"https:\\\/\\\/elhotelnacionaldecuba.com\\\/#\\\/schema\\\/logo\\\/image\\\/\",\"url\":\"https:\\\/\\\/elhotelnacionaldecuba.com\\\/wp-content\\\/uploads\\\/2025\\\/04\\\/logo-desktop.png\",\"contentUrl\":\"https:\\\/\\\/elhotelnacionaldecuba.com\\\/wp-content\\\/uploads\\\/2025\\\/04\\\/logo-desktop.png\",\"width\":696,\"height\":290,\"caption\":\"Hotel Nacional de Cuba\"},\"image\":{\"@id\":\"https:\\\/\\\/elhotelnacionaldecuba.com\\\/#\\\/schema\\\/logo\\\/image\\\/\"},\"sameAs\":[\"https:\\\/\\\/www.facebook.com\\\/HNdeCuba\\\/\",\"https:\\\/\\\/x.com\\\/hncuba\",\"https:\\\/\\\/www.instagram.com\\\/hncuba\\\/?hl=es\"]}]}<\/script>\n<!-- \/ Yoast SEO plugin. -->","yoast_head_json":{"title":"History | Hotel Nacional de Cuba","description":"Discover the fascinating history of the Hotel Nacional de Cuba, an icon of Cuban architecture and culture since its inauguration in 1930.","robots":{"index":"index","follow":"follow","max-snippet":"max-snippet:-1","max-image-preview":"max-image-preview:large","max-video-preview":"max-video-preview:-1"},"canonical":"https:\/\/elhotelnacionaldecuba.com\/en\/history-hotel-nacional-de-cuba\/","og_locale":"en_US","og_type":"article","og_title":"History | Hotel Nacional de Cuba","og_description":"Discover the fascinating history of the Hotel Nacional de Cuba, an icon of Cuban architecture and culture since its inauguration in 1930.","og_url":"https:\/\/elhotelnacionaldecuba.com\/en\/history-hotel-nacional-de-cuba\/","og_site_name":"Hotel Nacional","article_publisher":"https:\/\/www.facebook.com\/HNdeCuba\/","article_modified_time":"2023-04-20T09:00:05+00:00","og_image":[{"width":696,"height":290,"url":"https:\/\/elhotelnacionaldecuba.com\/wp-content\/uploads\/2025\/04\/logo-desktop.png","type":"image\/png"}],"twitter_card":"summary_large_image","twitter_site":"@hncuba","twitter_misc":{"Est. reading time":"4 minutes"},"schema":{"@context":"https:\/\/schema.org","@graph":[{"@type":"WebPage","@id":"https:\/\/elhotelnacionaldecuba.com\/en\/history-hotel-nacional-de-cuba\/","url":"https:\/\/elhotelnacionaldecuba.com\/en\/history-hotel-nacional-de-cuba\/","name":"History | Hotel Nacional de Cuba","isPartOf":{"@id":"https:\/\/elhotelnacionaldecuba.com\/#website"},"primaryImageOfPage":{"@id":"https:\/\/elhotelnacionaldecuba.com\/en\/history-hotel-nacional-de-cuba\/#primaryimage"},"image":{"@id":"https:\/\/elhotelnacionaldecuba.com\/en\/history-hotel-nacional-de-cuba\/#primaryimage"},"thumbnailUrl":"https:\/\/elhotelnacionaldecuba.com\/wp-content\/uploads\/2023\/08\/tour-nocturno-cabaret-parisien-1.jpg","datePublished":"2023-03-06T13:21:52+00:00","dateModified":"2023-04-20T09:00:05+00:00","description":"Discover the fascinating history of the Hotel Nacional de Cuba, an icon of Cuban architecture and culture since its inauguration in 1930.","breadcrumb":{"@id":"https:\/\/elhotelnacionaldecuba.com\/en\/history-hotel-nacional-de-cuba\/#breadcrumb"},"inLanguage":"en-US","potentialAction":[{"@type":"ReadAction","target":["https:\/\/elhotelnacionaldecuba.com\/en\/history-hotel-nacional-de-cuba\/"]}]},{"@type":"ImageObject","inLanguage":"en-US","@id":"https:\/\/elhotelnacionaldecuba.com\/en\/history-hotel-nacional-de-cuba\/#primaryimage","url":"https:\/\/elhotelnacionaldecuba.com\/wp-content\/uploads\/2023\/08\/tour-nocturno-cabaret-parisien-1.jpg","contentUrl":"https:\/\/elhotelnacionaldecuba.com\/wp-content\/uploads\/2023\/08\/tour-nocturno-cabaret-parisien-1.jpg","width":735,"height":491},{"@type":"BreadcrumbList","@id":"https:\/\/elhotelnacionaldecuba.com\/en\/history-hotel-nacional-de-cuba\/#breadcrumb","itemListElement":[{"@type":"ListItem","position":1,"name":"Portada","item":"https:\/\/elhotelnacionaldecuba.com\/en\/"},{"@type":"ListItem","position":2,"name":"History of the Hotel Nacional de Cuba"}]},{"@type":"WebSite","@id":"https:\/\/elhotelnacionaldecuba.com\/#website","url":"https:\/\/elhotelnacionaldecuba.com\/","name":"Hotel Nacional de Cuba","description":"Lujo e historia se fusionan en el Hotel Nacional de Cuba, la opci\u00f3n perfecta para tu estancia en la Habana Vieja. Reserva ahora en nuestra web oficial.","publisher":{"@id":"https:\/\/elhotelnacionaldecuba.com\/#organization"},"alternateName":"[OFICIAL\u00ae] Hotel Nacional de Cuba | Hotel Boutique en la Habana Vieja","potentialAction":[{"@type":"SearchAction","target":{"@type":"EntryPoint","urlTemplate":"https:\/\/elhotelnacionaldecuba.com\/?s={search_term_string}"},"query-input":{"@type":"PropertyValueSpecification","valueRequired":true,"valueName":"search_term_string"}}],"inLanguage":"en-US"},{"@type":"Organization","@id":"https:\/\/elhotelnacionaldecuba.com\/#organization","name":"Hotel Nacional de Cuba","alternateName":"[OFICIAL\u00ae] Hotel Nacional de Cuba | Hotel Boutique en la Habana Vieja","url":"https:\/\/elhotelnacionaldecuba.com\/","logo":{"@type":"ImageObject","inLanguage":"en-US","@id":"https:\/\/elhotelnacionaldecuba.com\/#\/schema\/logo\/image\/","url":"https:\/\/elhotelnacionaldecuba.com\/wp-content\/uploads\/2025\/04\/logo-desktop.png","contentUrl":"https:\/\/elhotelnacionaldecuba.com\/wp-content\/uploads\/2025\/04\/logo-desktop.png","width":696,"height":290,"caption":"Hotel Nacional de Cuba"},"image":{"@id":"https:\/\/elhotelnacionaldecuba.com\/#\/schema\/logo\/image\/"},"sameAs":["https:\/\/www.facebook.com\/HNdeCuba\/","https:\/\/x.com\/hncuba","https:\/\/www.instagram.com\/hncuba\/?hl=es"]}]}},"_links":{"self":[{"href":"https:\/\/elhotelnacionaldecuba.com\/en\/wp-json\/wp\/v2\/pages\/16539","targetHints":{"allow":["GET"]}}],"collection":[{"href":"https:\/\/elhotelnacionaldecuba.com\/en\/wp-json\/wp\/v2\/pages"}],"about":[{"href":"https:\/\/elhotelnacionaldecuba.com\/en\/wp-json\/wp\/v2\/types\/page"}],"author":[{"embeddable":true,"href":"https:\/\/elhotelnacionaldecuba.com\/en\/wp-json\/wp\/v2\/users\/6"}],"replies":[{"embeddable":true,"href":"https:\/\/elhotelnacionaldecuba.com\/en\/wp-json\/wp\/v2\/comments?post=16539"}],"version-history":[{"count":4,"href":"https:\/\/elhotelnacionaldecuba.com\/en\/wp-json\/wp\/v2\/pages\/16539\/revisions"}],"predecessor-version":[{"id":16616,"href":"https:\/\/elhotelnacionaldecuba.com\/en\/wp-json\/wp\/v2\/pages\/16539\/revisions\/16616"}],"wp:featuredmedia":[{"embeddable":true,"href":"https:\/\/elhotelnacionaldecuba.com\/en\/wp-json\/wp\/v2\/media\/16751"}],"wp:attachment":[{"href":"https:\/\/elhotelnacionaldecuba.com\/en\/wp-json\/wp\/v2\/media?parent=16539"}],"curies":[{"name":"wp","href":"https:\/\/api.w.org\/{rel}","templated":true}]}}